{"id":1063,"date":"2022-02-26T14:12:37","date_gmt":"2022-02-26T19:12:37","guid":{"rendered":"https:\/\/louise-quinn.c21.ca\/?page_id=1063"},"modified":"2025-01-17T06:53:22","modified_gmt":"2025-01-17T11:53:22","slug":"seniors","status":"publish","type":"page","link":"https:\/\/louise-quinn.c21.ca\/en\/seniors\/","title":{"rendered":"For seniors in transition"},"content":{"rendered":"<div class=\"cxmmr5t8 oygrvhab hcukyx3x c1et5uql o9v6fnle ii04i59q\">\n<div dir=\"auto\" style=\"padding-left: 40px\">\n<h3>For Seniors Facing a Major Life Transition<\/h3>\n<p>Is it time to make a move? Choosing where to live is one of life\u2019s biggest decisions\u2014move forward with confidence.<\/p>\n<p>We specialize in supporting seniors during this important transition by combining our extensive experience, trusted network of resources, proven real estate expertise, and partnerships in relocation services. Our personalized approach ensures a smooth and stress-free journey for our \u201cseniors in transition\u201d clients.<\/p>\n<p>Here\u2019s how we can help:<\/p>\n<p>\u2022Finding your next home: We\u2019ll help you discover a place that aligns with your lifestyle and unique needs.<\/p>\n<p>\u2022Preparing your property for sale: From downsizing and depersonalizing to pre-sale maintenance and repairs, we\u2019ll guide you through every step.<\/p>\n<p>\u2022Marketing your home: We showcase your property to buyers locally and internationally to achieve the best possible outcome.<\/p>\n<p>\u2022Managing the process from start to finish: We coordinate every detail\u2014from your decision to sell to settling comfortably in your new home, in collaboration with any necessary service providers.<\/p>\n<p>I\u2019d be delighted to meet with you to discuss your needs and goals. Let\u2019s start with a conversation!<\/p>\n<p>Call 514-966-0865 for your free consultation today.<\/p>\n<table style=\"height: 233px\" width=\"350\">\n<tbody>\n<tr>\n<td><img decoding=\"async\" class=\"wp-image-1268 alignleft\" src=\"https:\/\/louise-quinn.c21.ca\/wp-content\/uploads\/sites\/85\/2022\/05\/pic80226-300x199.jpg\" alt=\"\" width=\"155\" height=\"103\" srcset=\"https:\/\/louise-quinn.c21.ca\/wp-content\/uploads\/sites\/85\/2022\/05\/pic80226-300x199.jpg 300w, https:\/\/louise-quinn.c21.ca\/wp-content\/uploads\/sites\/85\/2022\/05\/pic80226.jpg 640w\" sizes=\"(max-width: 155px) 100vw, 155px\" \/><img decoding=\"async\" class=\"wp-image-1602 alignright\" src=\"https:\/\/louise-quinn.c21.ca\/wp-content\/uploads\/sites\/85\/2023\/05\/SRES_Horiz_CMYK-300x138.png\" alt=\"\" width=\"102\" height=\"47\" srcset=\"https:\/\/louise-quinn.c21.ca\/wp-content\/uploads\/sites\/85\/2023\/05\/SRES_Horiz_CMYK-300x138.png 300w, https:\/\/louise-quinn.c21.ca\/wp-content\/uploads\/sites\/85\/2023\/05\/SRES_Horiz_CMYK.png 597w\" sizes=\"(max-width: 102px) 100vw, 102px\" \/><\/p>\n<p>Louise Quinn, REALTOR<span style=\"font-family: inherit;font-size: inherit\">\u00ae<\/span><br \/>\n<span style=\"font-family: inherit;font-size: inherit\">Seniors Real Estate Specialist<br \/>\nlouise.quinn@century21.ca<br \/>\n<\/span><\/p>\n<p>&nbsp;<\/p>\n<p>CENTURY 21 Trident Realty Ltd.<br \/>\n<span dir=\"ltr\">796 Main Street Highway 7<\/span>, Dartmouth<br \/>\nHalifax <span dir=\"ltr\">Regional Municipality, NS\u00a0 \u00a0B2W 3V1<\/span><br \/>\nPh:\u00a0<span dir=\"ltr\">(902) 434-9090<\/span><\/td>\n<\/tr>\n<\/tbody>\n<\/table>\n<p class=\"p1\"><strong><span class=\"s1\">Louise: A Dedicated Advocate for Senior Housing and Community Development<\/span><\/strong><\/p>\n<p class=\"p1\"><span class=\"s2\">Louise brings extensive experience in real estate acquisitions, property maintenance, and renovations to the forefront of her work. With a deep-seated commitment to fostering community-oriented housing solutions for seniors, she is dedicated to creating spaces that prioritize care, dignity, and connection.<\/span><\/p>\n<p><strong><img decoding=\"async\" class=\"size-thumbnail wp-image-1054 alignright\" src=\"https:\/\/louise-quinn.c21.ca\/wp-content\/uploads\/sites\/85\/2022\/02\/Janet-Louise-D3-150x150.jpeg\" alt=\"\" width=\"150\" height=\"150\" srcset=\"https:\/\/louise-quinn.c21.ca\/wp-content\/uploads\/sites\/85\/2022\/02\/Janet-Louise-D3-150x150.jpeg 150w, https:\/\/louise-quinn.c21.ca\/wp-content\/uploads\/sites\/85\/2022\/02\/Janet-Louise-D3-300x300.jpeg 300w, https:\/\/louise-quinn.c21.ca\/wp-content\/uploads\/sites\/85\/2022\/02\/Janet-Louise-D3-1024x1024.jpeg 1024w, https:\/\/louise-quinn.c21.ca\/wp-content\/uploads\/sites\/85\/2022\/02\/Janet-Louise-D3-768x768.jpeg 768w, https:\/\/louise-quinn.c21.ca\/wp-content\/uploads\/sites\/85\/2022\/02\/Janet-Louise-D3-1536x1536.jpeg 1536w, https:\/\/louise-quinn.c21.ca\/wp-content\/uploads\/sites\/85\/2022\/02\/Janet-Louise-D3.jpeg 1969w\" sizes=\"(max-width: 150px) 100vw, 150px\" \/><\/strong><\/p>\n<p class=\"p1\"><strong><span class=\"s1\">Co-Founder of Radical Resthomes Inc. (RRH)<\/span><\/strong><\/p>\n<p class=\"p1\"><span class=\"s2\">As a co-founder of Radical Resthomes Inc. (RRH), Louise has been instrumental in transforming the organization\u2019s vision into reality. In 2021, RRH received a generous grant from the Mireille and Lina Saputo Foundation in Montreal, enabling the team to move beyond the \u201ctalking\u201d stage and take actionable steps toward their mission.<\/span><\/p>\n<p class=\"p1\"><strong><span class=\"s1\">A Catalyst for Innovation<\/span><\/strong><\/p>\n<p class=\"p1\"><span class=\"s2\">Around the same time, RRH successfully completed a Start-Up program at Concordia\u2019s District 3 Social Innovation Lab. Inspired by this milestone, Louise and her team embraced the challenge of transitioning from planning to execution, taking meaningful strides to redefine housing options for seniors through innovative, community-centered solutions.<\/span><\/p>\n<\/div>\n<div class=\"cxmmr5t8 oygrvhab hcukyx3x c1et5uql o9v6fnle ii04i59q\">\n<div dir=\"auto\" style=\"padding-left: 40px\">\n<h3><strong><br \/>\nThe Movement Is Real: A New Vision for Senior Housing<\/strong><\/h3>\n<p>Research on co-living and co-housing models<\/p>\n<p><strong><a href=\"http:\/\/Research-Report-RRH\"><img loading=\"lazy\" decoding=\"async\" class=\"size-thumbnail wp-image-1674 alignright\" src=\"https:\/\/louise-quinn.c21.ca\/wp-content\/uploads\/sites\/85\/2025\/01\/IMG_0354-150x150.jpeg\" alt=\"Co-housing and co-living models\" width=\"150\" height=\"150\" \/><\/a>Introduction: A Vision Turns into Reality<\/strong><br \/>\nAt Radical Resthomes, <u>we\u2019ve<\/u> long dreamed of redesigning senior housing, not just as a place to live, but as a thriving community where people truly belong. What started as an idea shared by a few has now become something much bigger. After connecting with like-minded projects across the globe, we can confidently say\u2014<em>the movement is real<\/em>.<\/p>\n<p><strong>Building a Global Network of Change-Makers<\/strong><br \/>\nWhen we first started reaching out to other community housing projects, we weren\u2019t sure what to expect. Would people be open to sharing their experiences? Would we find others who were as passionate about reshaping aging as we are? The answer was a resounding &#8220;yes.&#8221; Every project we contacted agreed to talk. They shared the highs, the lows, and everything in between, all in hopes of guiding us on our journey. More than that, they expressed excitement about what we\u2019re doing and encouraged us to keep pushing forward.<\/p>\n<p><strong>Learning from the Pioneers<\/strong><br \/>\nThese conversations have been invaluable. As we\u2019ve learned from others who have walked the path of redesigning senior housing, we\u2019ve gained a wealth of knowledge that has shaped our approach. Some of our original ideas have evolved, while others have become even more essential to our vision. Most importantly, we\u2019ve seen firsthand the power of community\u2014both inside the housing projects and in the way these projects engage with the broader community.<\/p>\n<p><strong>The Power of Community<\/strong><br \/>\nThe importance of building a strong, supportive community cannot be overstated. It\u2019s not just about providing a roof over someone\u2019s head; it\u2019s about creating a space where people can thrive, connect, and support one another. We\u2019ve learned that true success in this kind of housing project lies in how well the community is built and how it interacts with the world outside. These insights are helping us refine our plans for Radical Resthomes, and we\u2019re more confident than ever that we\u2019re on the right track.<\/p>\n<p><strong>We Are Not Alone: A Global Movement for Change<\/strong><br \/>\nPerhaps the most profound takeaway from our journey so far is this: <em>we are not alone<\/em>. There is a global community of innovators and visionaries working to change the way we think about aging. We are part of a growing movement to reimagine what it means to &#8220;age in place.&#8221;<\/p>\n<p><strong>Looking Ahead: The Future of Radical Resthomes<\/strong><br \/>\nWe are still in the early stages, but the future is bright. Once we get off the ground, Radical Resthomes will take it one step further\u2014organizing an international convention for the movers and shakers who are leading the charge in redefining aging in place. The future of senior living is being reshaped, and we\u2019re proud to be a part of that transformation.<\/p>\n<p><strong>Conclusion: Join Us on This Journey<\/strong><br \/>\nIf you&#8217;re passionate about rethinking senior housing and aging in place, we\u2019d love to hear from you. The movement is real, and together, we can build something that truly changes lives.<\/p>\n<\/div>\n<\/div>\n<div class=\"cxmmr5t8 oygrvhab hcukyx3x c1et5uql o9v6fnle ii04i59q\">\n<div dir=\"auto\" style=\"padding-left: 40px\">\n<h2>Louise in the media:<\/h2>\n<p style=\"padding-left: 40px\"><a href=\"https:\/\/www.ecohabitation.com\/guides\/3273\/habitation-solutions-creatives-pour-les-aines\/\"><img loading=\"lazy\" decoding=\"async\" class=\"size-thumbnail wp-image-1710 alignleft\" src=\"https:\/\/louise-quinn.c21.ca\/wp-content\/uploads\/sites\/85\/2025\/01\/IMG_0359-150x150.jpeg\" alt=\"\" width=\"150\" height=\"150\" \/>Habitation : solutions cr\u00e9atives pour les a\u00een\u00e9s<\/a><br \/>\nEcohabitation June 26, 2020<\/p>\n<p style=\"padding-left: 40px\">Le mod\u00e8le des R\u00e9sidences Solidaires devrait voir le jour dans les d\u00e9cennies \u00e0 venir. L\u2019initiative propose des lieux multig\u00e9n\u00e9rationnels o\u00f9 il est possible de cr\u00e9er son style de vie propre, des activit\u00e9s \u00e0 son image.<\/p>\n<p>&nbsp;<\/p>\n<p style=\"padding-left: 40px\"><img loading=\"lazy\" decoding=\"async\" class=\"wp-image-1207 alignleft\" src=\"https:\/\/louise-quinn.c21.ca\/wp-content\/uploads\/sites\/85\/2022\/03\/Screen-Shot-2022-03-30-at-12.28.49-PM.png\" alt=\"\" width=\"115\" height=\"95\" \/><\/p>\n<p style=\"padding-left: 40px\"><a href=\"https:\/\/num.lebelage.ca\/preview\/BEL_hiver_2022_preview\/index.html?fbclid=IwAR0DppMjLMzFi-gmA1u7E9v6bJt7qYBv_VepjDw5A-zGNfREx9uxAgpLgdw\">\u00a0l\u2019article Chez moi, autrement, page 19, Bel Age Hiver 2022<\/a><\/p>\n<p>&nbsp;<\/p>\n<p>&nbsp;<\/p>\n<p style=\"padding-left: 40px\">Des a\u00een\u00e9s qui cohab<a href=\"https:\/\/ici.radio-canada.ca\/ohdio\/premiere\/emissions\/penelope\/segments\/entrevue\/381224\/personnes-agees-cohabitation-coop?fbclid=IwAR2ABfBkNjIEIOz4HQ7COSmB6qCsUZ-0kpg33R3GttoyH3a6QrxO0T3AnCo\"><img loading=\"lazy\" decoding=\"async\" class=\"size-full wp-image-1139 alignleft\" src=\"https:\/\/louise-quinn.c21.ca\/wp-content\/uploads\/sites\/85\/2022\/03\/Screen-Shot-2022-03-11-at-1.01.07-PM.png\" alt=\"\" width=\"182\" height=\"42\" \/><\/a>itent ensemble : <a href=\"https:\/\/ici.radio-canada.ca\/ohdio\/premiere\/emissions\/penelope\/segments\/entrevue\/381224\/personnes-agees-cohabitation-coop?fbclid=IwAR2ABfBkNjIEIOz4HQ7COSmB6qCsUZ-0kpg33R3GttoyH3a6QrxO0T3AnCo\">Discussion A\u00een\u00e9s et en coloc, ici radio Canada<\/a><\/p>\n<p style=\"padding-left: 40px\">Le duo est accompagn\u00e9 de Louise Quinn, cofondatrice du mouvement Les maisons solidaires, un projet qui veut cr\u00e9er de petites coop\u00e9ratives multig\u00e9n\u00e9rationnelles pour les personnes \u00e2g\u00e9es \u00e0 Montr\u00e9al. Elle souligne que la colocation est une des solutions pour permettre \u00e0 ces derni\u00e8res de demeurer dans leur maison et dans leur quartier et d\u2019\u00e9viter l\u2019isolement.<\/p>\n<div class=\"kvgmc6g5 cxmmr5t8 oygrvhab hcukyx3x c1et5uql ii04i59q\">\n<div dir=\"auto\" style=\"padding-left: 40px\"><a href=\"https:\/\/www.lapresse.ca\/affaires\/entreprises\/2019-09-08\/residences-pour-aines-vieillir-autrement?fbclid=IwAR00QkNNdAvL_-LaLpj5DODdLvYuFAVuJc7JmtVShHTeNWD6wzW6g18lSRQ\"><span class=\"nc684nl6\"><img loading=\"lazy\" decoding=\"async\" class=\"wp-image-1135 alignleft\" src=\"https:\/\/louise-quinn.c21.ca\/wp-content\/uploads\/sites\/85\/2022\/03\/Louise-pic-in-La-Presse-300x200.jpeg\" alt=\"\" width=\"179\" height=\"119\" srcset=\"https:\/\/louise-quinn.c21.ca\/wp-content\/uploads\/sites\/85\/2022\/03\/Louise-pic-in-La-Presse-300x200.jpeg 300w, https:\/\/louise-quinn.c21.ca\/wp-content\/uploads\/sites\/85\/2022\/03\/Louise-pic-in-La-Presse-768x512.jpeg 768w, https:\/\/louise-quinn.c21.ca\/wp-content\/uploads\/sites\/85\/2022\/03\/Louise-pic-in-La-Presse.jpeg 810w\" sizes=\"(max-width: 179px) 100vw, 179px\" \/>Radical Resthomes<\/span> in La Presse! <\/a>\u00ab C\u2019est Radical Resthomes qui aiderait le groupe de personnes qui vont louer et vivre ensemble \u00e0 cr\u00e9er la gouvernance interne entre eux \u00bb, explique Louise Quinn, qui est par ailleurs courti\u00e8re immobili\u00e8re sp\u00e9cialis\u00e9e dans le logement pour a\u00een\u00e9s.<\/div>\n<\/div>\n<div class=\"cxmmr5t8 oygrvhab hcukyx3x c1et5uql o9v6fnle ii04i59q\">\n<div dir=\"auto\" style=\"padding-left: 40px\">\u00ab On a fait tous les plans d\u2019affaires, on a int\u00e9ress\u00e9 plusieurs groupes de commanditaires, et on pense que \u00e7a va faire partie de l\u2019\u00e9conomie sociale. \u00bb Aucun projet ne s\u2019est concr\u00e9tis\u00e9 encore, mais il y a espoir d&#8217;une r\u00e9alisation prochaine. \u00ab On essaie pour 2020. \u00bb<\/div>\n<\/div>\n<\/div>\n<\/div>\n<\/div>\n","protected":false},"excerpt":{"rendered":"<p>For Seniors Facing a Major Life Transition Is it time to make a move? Choosing where to live is one of life\u2019s biggest decisions\u2014move forward with confidence. We specialize in supporting seniors during this important transition by combining our extensive experience, trusted network of resources, proven real estate expertise, and partnerships in relocation services. Our [&hellip;]<\/p>\n","protected":false},"author":79,"featured_media":0,"parent":0,"menu_order":0,"comment_status":"closed","ping_status":"closed","template":"","meta":{"footnotes":""},"yoast_head":"<!-- This site is optimized with the Yoast SEO plugin v21.9 - https:\/\/yoast.com\/wordpress\/plugins\/seo\/ -->\n<title>For seniors in transition - Louise Quinn<\/title>\n<meta name=\"description\" content=\"Developed by Marc Stamos and Louise Quinn, Groupe evolution.immo offers a comprehensive service based on issues identified by sellers and buyers facing\u00a0 today&#039;s challenges including shortages in the skilled trades and building supplies, energy conservation and waste reduction. Both have extensive experience working together in real estate acquisitions and in property maintenance and renovations. They share a strong commitment to community in housing for seniors. They have lived in the city most of their lives. They have a proven track record in real estate.\" \/>\n<meta name=\"robots\" content=\"index, follow, max-snippet:-1, max-image-preview:large, max-video-preview:-1\" \/>\n<link rel=\"canonical\" href=\"https:\/\/louise-quinn.c21.ca\/en\/seniors\/\" \/>\n<meta property=\"og:locale\" content=\"en_US\" \/>\n<meta property=\"og:type\" content=\"article\" \/>\n<meta property=\"og:title\" content=\"For seniors in transition - Louise Quinn\" \/>\n<meta property=\"og:description\" content=\"Developed by Marc Stamos and Louise Quinn, Groupe evolution.immo offers a comprehensive service based on issues identified by sellers and buyers facing\u00a0 today&#039;s challenges including shortages in the skilled trades and building supplies, energy conservation and waste reduction. Both have extensive experience working together in real estate acquisitions and in property maintenance and renovations. They share a strong commitment to community in housing for seniors. They have lived in the city most of their lives. They have a proven track record in real estate.\" \/>\n<meta property=\"og:url\" content=\"https:\/\/louise-quinn.c21.ca\/en\/seniors\/\" \/>\n<meta property=\"og:site_name\" content=\"Louise Quinn\" \/>\n<meta property=\"article:modified_time\" content=\"2025-01-17T11:53:22+00:00\" \/>\n<meta property=\"og:image\" content=\"https:\/\/louise-quinn.c21.ca\/wp-content\/uploads\/sites\/85\/2022\/05\/pic80226-300x199.jpg\" \/>\n<meta name=\"twitter:card\" content=\"summary_large_image\" \/>\n<meta name=\"twitter:label1\" content=\"Est. reading time\" \/>\n\t<meta name=\"twitter:data1\" content=\"8 minutes\" \/>\n<script type=\"application\/ld+json\" class=\"yoast-schema-graph\">{\"@context\":\"https:\/\/schema.org\",\"@graph\":[{\"@type\":\"WebPage\",\"@id\":\"https:\/\/louise-quinn.c21.ca\/en\/seniors\/\",\"url\":\"https:\/\/louise-quinn.c21.ca\/en\/seniors\/\",\"name\":\"For seniors in transition - Louise Quinn\",\"isPartOf\":{\"@id\":\"https:\/\/louise-quinn.c21.ca\/en\/#website\"},\"datePublished\":\"2022-02-26T19:12:37+00:00\",\"dateModified\":\"2025-01-17T11:53:22+00:00\",\"description\":\"Developed by Marc Stamos and Louise Quinn, Groupe evolution.immo offers a comprehensive service based on issues identified by sellers and buyers facing\u00a0 today's challenges including shortages in the skilled trades and building supplies, energy conservation and waste reduction. Both have extensive experience working together in real estate acquisitions and in property maintenance and renovations. They share a strong commitment to community in housing for seniors. They have lived in the city most of their lives. They have a proven track record in real estate.\",\"breadcrumb\":{\"@id\":\"https:\/\/louise-quinn.c21.ca\/en\/seniors\/#breadcrumb\"},\"inLanguage\":\"en-US\",\"potentialAction\":[{\"@type\":\"ReadAction\",\"target\":[\"https:\/\/louise-quinn.c21.ca\/en\/seniors\/\"]}]},{\"@type\":\"BreadcrumbList\",\"@id\":\"https:\/\/louise-quinn.c21.ca\/en\/seniors\/#breadcrumb\",\"itemListElement\":[{\"@type\":\"ListItem\",\"position\":1,\"name\":\"Accueil\",\"item\":\"https:\/\/louise-quinn.c21.ca\/en\/\"},{\"@type\":\"ListItem\",\"position\":2,\"name\":\"For seniors in transition\"}]},{\"@type\":\"WebSite\",\"@id\":\"https:\/\/louise-quinn.c21.ca\/en\/#website\",\"url\":\"https:\/\/louise-quinn.c21.ca\/en\/\",\"name\":\"Louise Quinn\",\"description\":\"\",\"publisher\":{\"@id\":\"https:\/\/louise-quinn.c21.ca\/en\/#organization\"},\"potentialAction\":[{\"@type\":\"SearchAction\",\"target\":{\"@type\":\"EntryPoint\",\"urlTemplate\":\"https:\/\/louise-quinn.c21.ca\/en\/?s={search_term_string}\"},\"query-input\":\"required name=search_term_string\"}],\"inLanguage\":\"en-US\"},{\"@type\":\"Organization\",\"@id\":\"https:\/\/louise-quinn.c21.ca\/en\/#organization\",\"name\":\"Louise Quinn\",\"url\":\"https:\/\/louise-quinn.c21.ca\/en\/\",\"logo\":{\"@type\":\"ImageObject\",\"inLanguage\":\"en-US\",\"@id\":\"https:\/\/louise-quinn.c21.ca\/en\/#\/schema\/logo\/image\/\",\"url\":\"https:\/\/louise-quinn.c21.ca\/wp-content\/uploads\/sites\/85\/2021\/06\/Center-Aligned-Gold-Logo.png\",\"contentUrl\":\"https:\/\/louise-quinn.c21.ca\/wp-content\/uploads\/sites\/85\/2021\/06\/Center-Aligned-Gold-Logo.png\",\"width\":1904,\"height\":668,\"caption\":\"Louise Quinn\"},\"image\":{\"@id\":\"https:\/\/louise-quinn.c21.ca\/en\/#\/schema\/logo\/image\/\"}}]}<\/script>\n<!-- \/ Yoast SEO plugin. -->","yoast_head_json":{"title":"For seniors in transition - Louise Quinn","description":"Developed by Marc Stamos and Louise Quinn, Groupe evolution.immo offers a comprehensive service based on issues identified by sellers and buyers facing\u00a0 today's challenges including shortages in the skilled trades and building supplies, energy conservation and waste reduction. Both have extensive experience working together in real estate acquisitions and in property maintenance and renovations. They share a strong commitment to community in housing for seniors. They have lived in the city most of their lives. They have a proven track record in real estate.","robots":{"index":"index","follow":"follow","max-snippet":"max-snippet:-1","max-image-preview":"max-image-preview:large","max-video-preview":"max-video-preview:-1"},"canonical":"https:\/\/louise-quinn.c21.ca\/en\/seniors\/","og_locale":"en_US","og_type":"article","og_title":"For seniors in transition - Louise Quinn","og_description":"Developed by Marc Stamos and Louise Quinn, Groupe evolution.immo offers a comprehensive service based on issues identified by sellers and buyers facing\u00a0 today's challenges including shortages in the skilled trades and building supplies, energy conservation and waste reduction. Both have extensive experience working together in real estate acquisitions and in property maintenance and renovations. They share a strong commitment to community in housing for seniors. They have lived in the city most of their lives. They have a proven track record in real estate.","og_url":"https:\/\/louise-quinn.c21.ca\/en\/seniors\/","og_site_name":"Louise Quinn","article_modified_time":"2025-01-17T11:53:22+00:00","og_image":[{"url":"https:\/\/louise-quinn.c21.ca\/wp-content\/uploads\/sites\/85\/2022\/05\/pic80226-300x199.jpg"}],"twitter_card":"summary_large_image","twitter_misc":{"Est. reading time":"8 minutes"},"schema":{"@context":"https:\/\/schema.org","@graph":[{"@type":"WebPage","@id":"https:\/\/louise-quinn.c21.ca\/en\/seniors\/","url":"https:\/\/louise-quinn.c21.ca\/en\/seniors\/","name":"For seniors in transition - Louise Quinn","isPartOf":{"@id":"https:\/\/louise-quinn.c21.ca\/en\/#website"},"datePublished":"2022-02-26T19:12:37+00:00","dateModified":"2025-01-17T11:53:22+00:00","description":"Developed by Marc Stamos and Louise Quinn, Groupe evolution.immo offers a comprehensive service based on issues identified by sellers and buyers facing\u00a0 today's challenges including shortages in the skilled trades and building supplies, energy conservation and waste reduction. Both have extensive experience working together in real estate acquisitions and in property maintenance and renovations. They share a strong commitment to community in housing for seniors. They have lived in the city most of their lives. They have a proven track record in real estate.","breadcrumb":{"@id":"https:\/\/louise-quinn.c21.ca\/en\/seniors\/#breadcrumb"},"inLanguage":"en-US","potentialAction":[{"@type":"ReadAction","target":["https:\/\/louise-quinn.c21.ca\/en\/seniors\/"]}]},{"@type":"BreadcrumbList","@id":"https:\/\/louise-quinn.c21.ca\/en\/seniors\/#breadcrumb","itemListElement":[{"@type":"ListItem","position":1,"name":"Accueil","item":"https:\/\/louise-quinn.c21.ca\/en\/"},{"@type":"ListItem","position":2,"name":"For seniors in transition"}]},{"@type":"WebSite","@id":"https:\/\/louise-quinn.c21.ca\/en\/#website","url":"https:\/\/louise-quinn.c21.ca\/en\/","name":"Louise Quinn","description":"","publisher":{"@id":"https:\/\/louise-quinn.c21.ca\/en\/#organization"},"potentialAction":[{"@type":"SearchAction","target":{"@type":"EntryPoint","urlTemplate":"https:\/\/louise-quinn.c21.ca\/en\/?s={search_term_string}"},"query-input":"required name=search_term_string"}],"inLanguage":"en-US"},{"@type":"Organization","@id":"https:\/\/louise-quinn.c21.ca\/en\/#organization","name":"Louise Quinn","url":"https:\/\/louise-quinn.c21.ca\/en\/","logo":{"@type":"ImageObject","inLanguage":"en-US","@id":"https:\/\/louise-quinn.c21.ca\/en\/#\/schema\/logo\/image\/","url":"https:\/\/louise-quinn.c21.ca\/wp-content\/uploads\/sites\/85\/2021\/06\/Center-Aligned-Gold-Logo.png","contentUrl":"https:\/\/louise-quinn.c21.ca\/wp-content\/uploads\/sites\/85\/2021\/06\/Center-Aligned-Gold-Logo.png","width":1904,"height":668,"caption":"Louise Quinn"},"image":{"@id":"https:\/\/louise-quinn.c21.ca\/en\/#\/schema\/logo\/image\/"}}]}},"_links":{"self":[{"href":"https:\/\/louise-quinn.c21.ca\/en\/wp-json\/wp\/v2\/pages\/1063"}],"collection":[{"href":"https:\/\/louise-quinn.c21.ca\/en\/wp-json\/wp\/v2\/pages"}],"about":[{"href":"https:\/\/louise-quinn.c21.ca\/en\/wp-json\/wp\/v2\/types\/page"}],"author":[{"embeddable":true,"href":"https:\/\/louise-quinn.c21.ca\/en\/wp-json\/wp\/v2\/users\/79"}],"replies":[{"embeddable":true,"href":"https:\/\/louise-quinn.c21.ca\/en\/wp-json\/wp\/v2\/comments?post=1063"}],"version-history":[{"count":181,"href":"https:\/\/louise-quinn.c21.ca\/en\/wp-json\/wp\/v2\/pages\/1063\/revisions"}],"predecessor-version":[{"id":1753,"href":"https:\/\/louise-quinn.c21.ca\/en\/wp-json\/wp\/v2\/pages\/1063\/revisions\/1753"}],"wp:attachment":[{"href":"https:\/\/louise-quinn.c21.ca\/en\/wp-json\/wp\/v2\/media?parent=1063"}],"curies":[{"name":"wp","href":"https:\/\/api.w.org\/{rel}","templated":true}]}}